{"id":1308,"date":"2018-08-30T17:06:23","date_gmt":"2018-08-30T15:06:23","guid":{"rendered":"http:\/\/xport.local\/startseite\/"},"modified":"2023-01-07T13:12:05","modified_gmt":"2023-01-07T12:12:05","slug":"startseite","status":"publish","type":"page","link":"https:\/\/x-portpizzeria.ch\/de\/","title":{"rendered":"Startseite"},"content":{"rendered":"\n\n\t\t\t\tGRATISVERSAND  *G\u00fcltig f\u00fcr Bestellungen \u00fcber CHF 25.- (abh\u00e4ngig vom Standort). <a href=\"http:\/\/x-portpizzeria.ch\/de\/lieferbedingungen\/\">Einzelheiten.<\/a>\nONLINE BESTELLEN  Sit back, Entspann dich, wir kommen zu dir <a href=\"http:\/\/x-portpizzeria.ch\/de\/lieferbedingungen\/\">Standorte.<\/a>\n\t\t\t\t<a href=\"#\" aria-label=\"previous\" role=\"button\">\n<\/a>\n\t\t\t\t<a href=\"#\" aria-label=\"next\" role=\"button\">\n<\/a>\n<div class=\"op-is-open-shortcode\"><span class=\"op-open\">Komm zum Shop oder bestelle online.<\/span><\/div>\n\t<a href=\"http:\/\/x-portpizzeria.ch\/de\/menue\/pizzas\/\" target=\"_self\" aria-label=\"Go to http:\/\/x-portpizzeria.ch\/de\/menue\/pizzas\/\" rel=\"noopener\"><\/a>\n\t\t\t\t<img decoding=\"async\" src=\"http:\/\/x-portpizzeria.ch\/wp-content\/uploads\/2018\/08\/xport-pizza-icon.png\" alt=\"xport-pizza-icon\" title=\"xport-pizza-icon\" itemprop=\"image\"\/>\n\t\t<h4>Pizza<\/h4>\t\t\t\n\t<a href=\"http:\/\/x-portpizzeria.ch\/de\/menue\/burgers\/\" target=\"_self\" aria-label=\"Go to http:\/\/x-portpizzeria.ch\/de\/menue\/burgers\/\" rel=\"noopener\"><\/a>\n\t\t\t\t<img decoding=\"async\" src=\"http:\/\/x-portpizzeria.ch\/wp-content\/uploads\/2018\/08\/xport-burger-icon.png\" alt=\"xport-burger-icon\" title=\"xport-burger-icon\" itemprop=\"image\"\/>\n\t\t<h4>Burger<\/h4>\t\t\t\n\t<a href=\"http:\/\/x-portpizzeria.ch\/de\/menue\/pasta\/\" target=\"_self\" aria-label=\"Go to http:\/\/x-portpizzeria.ch\/de\/menue\/pasta\/\" rel=\"noopener\"><\/a>\n\t\t\t\t<img decoding=\"async\" src=\"http:\/\/x-portpizzeria.ch\/wp-content\/uploads\/2018\/08\/xport-pasta-icon.png\" alt=\"xport-pasta-icon\" title=\"xport-pasta-icon\" itemprop=\"image\"\/>\n\t\t<h4>Pasta<\/h4>\t\t\t\n\t<a href=\"http:\/\/x-portpizzeria.ch\/de\/menue\/snacks\/\" target=\"_self\" aria-label=\"Go to http:\/\/x-portpizzeria.ch\/de\/menue\/snacks\/\" rel=\"noopener\"><\/a>\n\t\t\t\t<img decoding=\"async\" src=\"http:\/\/x-portpizzeria.ch\/wp-content\/uploads\/2018\/08\/xport-kebab-icon.png\" alt=\"xport-kebab-icon\" title=\"xport-kebab-icon\" itemprop=\"image\"\/>\n\t\t<h4>Kebab<\/h4>\t\t\t\n\t<a href=\"http:\/\/x-portpizzeria.ch\/de\/menue\/platten\/\" target=\"_self\" aria-label=\"Go to http:\/\/x-portpizzeria.ch\/de\/menue\/platten\/\" rel=\"noopener\"><\/a>\n\t\t\t\t<img decoding=\"async\" src=\"http:\/\/x-portpizzeria.ch\/wp-content\/uploads\/2018\/08\/xport-bratwurst-icon.png\" alt=\"xport-bratwurst-icon\" title=\"xport-bratwurst-icon\" itemprop=\"image\"\/>\n\t\t<h4>Bratwurst<\/h4>\t\t\t\n\t<a href=\"http:\/\/x-portpizzeria.ch\/de\/menue\/salate\/\" target=\"_self\" aria-label=\"Go to http:\/\/x-portpizzeria.ch\/de\/menue\/salate\/\" rel=\"noopener\"><\/a>\n\t\t\t\t<img decoding=\"async\" src=\"http:\/\/x-portpizzeria.ch\/wp-content\/uploads\/2018\/08\/xport-salad-icon.png\" alt=\"xport-salad-icon\" title=\"xport-salad-icon\" itemprop=\"image\"\/>\n\t\t<h4>Salat<\/h4>\t\t\t\n\t<a href=\"http:\/\/x-portpizzeria.ch\/de\/menue\/snacks\/\" target=\"_self\" aria-label=\"Go to http:\/\/x-portpizzeria.ch\/de\/menue\/snacks\/\" rel=\"noopener\"><\/a>\n\t\t\t\t<img decoding=\"async\" src=\"http:\/\/x-portpizzeria.ch\/wp-content\/uploads\/2018\/08\/xport-fries-icon.png\" alt=\"xport-fries-icon\" title=\"xport-fries-icon\" itemprop=\"image\"\/>\n\t\t<h4>Fritten<\/h4>\t\t\t\n\t<a href=\"http:\/\/x-portpizzeria.ch\/de\/menue\/snacks\/\" target=\"_self\" aria-label=\"Go to http:\/\/x-portpizzeria.ch\/de\/menue\/snacks\/\" rel=\"noopener\"><\/a>\n\t\t\t\t<img decoding=\"async\" src=\"http:\/\/x-portpizzeria.ch\/wp-content\/uploads\/2018\/08\/xport-wrap-icon.png\" alt=\"xport-wrap-icon\" title=\"xport-wrap-icon\" itemprop=\"image\"\/>\n\t\t<h4>Wrap<\/h4>\t\t\t\n\t<a href=\"http:\/\/x-portpizzeria.ch\/de\/menue\/getraenke\/\" target=\"_self\" aria-label=\"Go to http:\/\/x-portpizzeria.ch\/de\/menue\/getraenke\/\" rel=\"noopener\"><\/a>\n\t\t\t\t<img decoding=\"async\" src=\"http:\/\/x-portpizzeria.ch\/wp-content\/uploads\/2018\/08\/xport-drinks-icon.png\" alt=\"xport-drinks-icon\" title=\"xport-drinks-icon\" itemprop=\"image\"\/>\n\t\t<h4>Getr\u00e4nke<\/h4>\t\t\t\n\t\t\t\t<img decoding=\"async\" src=\"http:\/\/x-portpizzeria.ch\/wp-content\/uploads\/2018\/08\/half-pizza.png\" alt=\"half-pizza\" title=\"half-pizza\" itemprop=\"image\"  \/>\n\t\t\t<h2>KAUFEN ZWEI GROSSE PIZZAS<\/h2><h1>GRATIS 1.5L TRINKEN!<\/h1>\t\t\t\n\t\t\t\t<p>55CHF<\/p>\n\t\t\t<a href=\"http:\/\/x-portpizzeria.ch\/de\/menue\/pizzas\/\" target=\"_self\" role=\"button\" aria-label=\"JA BITTE!\" rel=\"noopener\">\n\t\t\t\t\t\t\t\t\t\t\tJA BITTE!\n\t\t<\/a>\n\t\t\t\t<img decoding=\"async\" src=\"http:\/\/x-portpizzeria.ch\/wp-content\/uploads\/2018\/08\/half-pizza.png\" alt=\"half-pizza\" title=\"half-pizza\" itemprop=\"image\"  \/>\n\n","protected":false},"excerpt":{"rendered":"<p>GRATISVERSAND *G\u00fcltig f\u00fcr Bestellungen \u00fcber CHF 25.- (abh\u00e4ngig vom Standort). Einzelheiten. ONLINE BESTELLEN Sit back, Entspann dich, wir kommen zu dir Standorte. Pizza Burger Pasta Kebab Bratwurst Salat Fritten Wrap Getr\u00e4nke KAUFEN ZWEI GROSSE PIZZAS GRATIS 1.5L TRINKEN! 55CHF JA BITTE!<\/p>\n","protected":false},"author":1,"featured_media":0,"parent":0,"menu_order":0,"comment_status":"closed","ping_status":"closed","template":"","meta":{"footnotes":""},"class_list":["post-1308","page","type-page","status-publish","hentry"],"yoast_head":"<!-- This site is optimized with the Yoast SEO plugin v27.4 - https:\/\/yoast.com\/product\/yoast-seo-wordpress\/ -->\n<title>X-Port Pizzeria<\/title>\n<meta name=\"description\" content=\"Das beste Fast Food in der Stadt! Eat in, Take-Away oder bestellen Sie online und lassen Sie es zu Ihnen nach Hause, Hotel oder sogar den See geliefert! Pizza, Burger, Salate und mehr!\" \/>\n<meta name=\"robots\" content=\"index, follow, max-snippet:-1, max-image-preview:large, max-video-preview:-1\" \/>\n<link rel=\"canonical\" href=\"https:\/\/x-portpizzeria.ch\/de\/\" \/>\n<meta property=\"og:locale\" content=\"de_DE\" \/>\n<meta property=\"og:type\" content=\"article\" \/>\n<meta property=\"og:title\" content=\"X-Port Pizzeria\" \/>\n<meta property=\"og:description\" content=\"Das beste Fast Food in der Stadt! Eat in, Take-Away oder bestellen Sie online und lassen Sie es zu Ihnen nach Hause, Hotel oder sogar den See geliefert! Pizza, Burger, Salate und mehr!\" \/>\n<meta property=\"og:url\" content=\"https:\/\/x-portpizzeria.ch\/de\/\" \/>\n<meta property=\"og:site_name\" content=\"X-Port Pizzeria\" \/>\n<meta property=\"article:publisher\" content=\"https:\/\/www.facebook.com\/Pizzeria-x-port-GmbH-260649613984107\/?fref=ts\" \/>\n<meta property=\"article:modified_time\" content=\"2023-01-07T12:12:05+00:00\" \/>\n<meta property=\"og:image\" content=\"http:\/\/x-portpizzeria.ch\/wp-content\/uploads\/2018\/08\/xport-pizza-icon.png\" \/>\n<meta name=\"twitter:card\" content=\"summary_large_image\" \/>\n<script type=\"application\/ld+json\" class=\"yoast-schema-graph\">{\"@context\":\"https:\\\/\\\/schema.org\",\"@graph\":[{\"@type\":\"WebPage\",\"@id\":\"https:\\\/\\\/x-portpizzeria.ch\\\/de\\\/\",\"url\":\"https:\\\/\\\/x-portpizzeria.ch\\\/de\\\/\",\"name\":\"X-Port Pizzeria\",\"isPartOf\":{\"@id\":\"https:\\\/\\\/x-portpizzeria.ch\\\/#website\"},\"primaryImageOfPage\":{\"@id\":\"https:\\\/\\\/x-portpizzeria.ch\\\/de\\\/#primaryimage\"},\"image\":{\"@id\":\"https:\\\/\\\/x-portpizzeria.ch\\\/de\\\/#primaryimage\"},\"thumbnailUrl\":\"http:\\\/\\\/x-portpizzeria.ch\\\/wp-content\\\/uploads\\\/2018\\\/08\\\/xport-pizza-icon.png\",\"datePublished\":\"2018-08-30T15:06:23+00:00\",\"dateModified\":\"2023-01-07T12:12:05+00:00\",\"description\":\"Das beste Fast Food in der Stadt! Eat in, Take-Away oder bestellen Sie online und lassen Sie es zu Ihnen nach Hause, Hotel oder sogar den See geliefert! Pizza, Burger, Salate und mehr!\",\"breadcrumb\":{\"@id\":\"https:\\\/\\\/x-portpizzeria.ch\\\/de\\\/#breadcrumb\"},\"inLanguage\":\"de-DE\",\"potentialAction\":[{\"@type\":\"ReadAction\",\"target\":[\"https:\\\/\\\/x-portpizzeria.ch\\\/de\\\/\"]}]},{\"@type\":\"ImageObject\",\"inLanguage\":\"de-DE\",\"@id\":\"https:\\\/\\\/x-portpizzeria.ch\\\/de\\\/#primaryimage\",\"url\":\"http:\\\/\\\/x-portpizzeria.ch\\\/wp-content\\\/uploads\\\/2018\\\/08\\\/xport-pizza-icon.png\",\"contentUrl\":\"http:\\\/\\\/x-portpizzeria.ch\\\/wp-content\\\/uploads\\\/2018\\\/08\\\/xport-pizza-icon.png\"},{\"@type\":\"BreadcrumbList\",\"@id\":\"https:\\\/\\\/x-portpizzeria.ch\\\/de\\\/#breadcrumb\",\"itemListElement\":[{\"@type\":\"ListItem\",\"position\":1,\"name\":\"Home\",\"item\":\"https:\\\/\\\/x-portpizzeria.ch\\\/de\\\/\"},{\"@type\":\"ListItem\",\"position\":2,\"name\":\"Startseite\"}]},{\"@type\":\"WebSite\",\"@id\":\"https:\\\/\\\/x-portpizzeria.ch\\\/#website\",\"url\":\"https:\\\/\\\/x-portpizzeria.ch\\\/\",\"name\":\"X-Port Pizzeria\",\"description\":\"Der beste Fast Food in der Stadt\",\"publisher\":{\"@id\":\"https:\\\/\\\/x-portpizzeria.ch\\\/#organization\"},\"potentialAction\":[{\"@type\":\"SearchAction\",\"target\":{\"@type\":\"EntryPoint\",\"urlTemplate\":\"https:\\\/\\\/x-portpizzeria.ch\\\/?s={search_term_string}\"},\"query-input\":{\"@type\":\"PropertyValueSpecification\",\"valueRequired\":true,\"valueName\":\"search_term_string\"}}],\"inLanguage\":\"de-DE\"},{\"@type\":\"Organization\",\"@id\":\"https:\\\/\\\/x-portpizzeria.ch\\\/#organization\",\"name\":\"X-Port Pizzeria\",\"url\":\"https:\\\/\\\/x-portpizzeria.ch\\\/\",\"logo\":{\"@type\":\"ImageObject\",\"inLanguage\":\"de-DE\",\"@id\":\"https:\\\/\\\/x-portpizzeria.ch\\\/#\\\/schema\\\/logo\\\/image\\\/\",\"url\":\"http:\\\/\\\/x-portpizzeria.ch\\\/wp-content\\\/uploads\\\/2016\\\/10\\\/x-port-logo-lockup-400.png\",\"contentUrl\":\"http:\\\/\\\/x-portpizzeria.ch\\\/wp-content\\\/uploads\\\/2016\\\/10\\\/x-port-logo-lockup-400.png\",\"width\":400,\"height\":236,\"caption\":\"X-Port Pizzeria\"},\"image\":{\"@id\":\"https:\\\/\\\/x-portpizzeria.ch\\\/#\\\/schema\\\/logo\\\/image\\\/\"},\"sameAs\":[\"https:\\\/\\\/www.facebook.com\\\/Pizzeria-x-port-GmbH-260649613984107\\\/?fref=ts\"]}]}<\/script>\n<!-- \/ Yoast SEO plugin. -->","yoast_head_json":{"title":"X-Port Pizzeria","description":"Das beste Fast Food in der Stadt! Eat in, Take-Away oder bestellen Sie online und lassen Sie es zu Ihnen nach Hause, Hotel oder sogar den See geliefert! Pizza, Burger, Salate und mehr!","robots":{"index":"index","follow":"follow","max-snippet":"max-snippet:-1","max-image-preview":"max-image-preview:large","max-video-preview":"max-video-preview:-1"},"canonical":"https:\/\/x-portpizzeria.ch\/de\/","og_locale":"de_DE","og_type":"article","og_title":"X-Port Pizzeria","og_description":"Das beste Fast Food in der Stadt! Eat in, Take-Away oder bestellen Sie online und lassen Sie es zu Ihnen nach Hause, Hotel oder sogar den See geliefert! Pizza, Burger, Salate und mehr!","og_url":"https:\/\/x-portpizzeria.ch\/de\/","og_site_name":"X-Port Pizzeria","article_publisher":"https:\/\/www.facebook.com\/Pizzeria-x-port-GmbH-260649613984107\/?fref=ts","article_modified_time":"2023-01-07T12:12:05+00:00","og_image":[{"url":"http:\/\/x-portpizzeria.ch\/wp-content\/uploads\/2018\/08\/xport-pizza-icon.png","type":"","width":"","height":""}],"twitter_card":"summary_large_image","schema":{"@context":"https:\/\/schema.org","@graph":[{"@type":"WebPage","@id":"https:\/\/x-portpizzeria.ch\/de\/","url":"https:\/\/x-portpizzeria.ch\/de\/","name":"X-Port Pizzeria","isPartOf":{"@id":"https:\/\/x-portpizzeria.ch\/#website"},"primaryImageOfPage":{"@id":"https:\/\/x-portpizzeria.ch\/de\/#primaryimage"},"image":{"@id":"https:\/\/x-portpizzeria.ch\/de\/#primaryimage"},"thumbnailUrl":"http:\/\/x-portpizzeria.ch\/wp-content\/uploads\/2018\/08\/xport-pizza-icon.png","datePublished":"2018-08-30T15:06:23+00:00","dateModified":"2023-01-07T12:12:05+00:00","description":"Das beste Fast Food in der Stadt! Eat in, Take-Away oder bestellen Sie online und lassen Sie es zu Ihnen nach Hause, Hotel oder sogar den See geliefert! Pizza, Burger, Salate und mehr!","breadcrumb":{"@id":"https:\/\/x-portpizzeria.ch\/de\/#breadcrumb"},"inLanguage":"de-DE","potentialAction":[{"@type":"ReadAction","target":["https:\/\/x-portpizzeria.ch\/de\/"]}]},{"@type":"ImageObject","inLanguage":"de-DE","@id":"https:\/\/x-portpizzeria.ch\/de\/#primaryimage","url":"http:\/\/x-portpizzeria.ch\/wp-content\/uploads\/2018\/08\/xport-pizza-icon.png","contentUrl":"http:\/\/x-portpizzeria.ch\/wp-content\/uploads\/2018\/08\/xport-pizza-icon.png"},{"@type":"BreadcrumbList","@id":"https:\/\/x-portpizzeria.ch\/de\/#breadcrumb","itemListElement":[{"@type":"ListItem","position":1,"name":"Home","item":"https:\/\/x-portpizzeria.ch\/de\/"},{"@type":"ListItem","position":2,"name":"Startseite"}]},{"@type":"WebSite","@id":"https:\/\/x-portpizzeria.ch\/#website","url":"https:\/\/x-portpizzeria.ch\/","name":"X-Port Pizzeria","description":"Der beste Fast Food in der Stadt","publisher":{"@id":"https:\/\/x-portpizzeria.ch\/#organization"},"potentialAction":[{"@type":"SearchAction","target":{"@type":"EntryPoint","urlTemplate":"https:\/\/x-portpizzeria.ch\/?s={search_term_string}"},"query-input":{"@type":"PropertyValueSpecification","valueRequired":true,"valueName":"search_term_string"}}],"inLanguage":"de-DE"},{"@type":"Organization","@id":"https:\/\/x-portpizzeria.ch\/#organization","name":"X-Port Pizzeria","url":"https:\/\/x-portpizzeria.ch\/","logo":{"@type":"ImageObject","inLanguage":"de-DE","@id":"https:\/\/x-portpizzeria.ch\/#\/schema\/logo\/image\/","url":"http:\/\/x-portpizzeria.ch\/wp-content\/uploads\/2016\/10\/x-port-logo-lockup-400.png","contentUrl":"http:\/\/x-portpizzeria.ch\/wp-content\/uploads\/2016\/10\/x-port-logo-lockup-400.png","width":400,"height":236,"caption":"X-Port Pizzeria"},"image":{"@id":"https:\/\/x-portpizzeria.ch\/#\/schema\/logo\/image\/"},"sameAs":["https:\/\/www.facebook.com\/Pizzeria-x-port-GmbH-260649613984107\/?fref=ts"]}]}},"_links":{"self":[{"href":"https:\/\/x-portpizzeria.ch\/de\/wp-json\/wp\/v2\/pages\/1308","targetHints":{"allow":["GET"]}}],"collection":[{"href":"https:\/\/x-portpizzeria.ch\/de\/wp-json\/wp\/v2\/pages"}],"about":[{"href":"https:\/\/x-portpizzeria.ch\/de\/wp-json\/wp\/v2\/types\/page"}],"author":[{"embeddable":true,"href":"https:\/\/x-portpizzeria.ch\/de\/wp-json\/wp\/v2\/users\/1"}],"replies":[{"embeddable":true,"href":"https:\/\/x-portpizzeria.ch\/de\/wp-json\/wp\/v2\/comments?post=1308"}],"version-history":[{"count":4,"href":"https:\/\/x-portpizzeria.ch\/de\/wp-json\/wp\/v2\/pages\/1308\/revisions"}],"predecessor-version":[{"id":1665,"href":"https:\/\/x-portpizzeria.ch\/de\/wp-json\/wp\/v2\/pages\/1308\/revisions\/1665"}],"wp:attachment":[{"href":"https:\/\/x-portpizzeria.ch\/de\/wp-json\/wp\/v2\/media?parent=1308"}],"curies":[{"name":"wp","href":"https:\/\/api.w.org\/{rel}","templated":true}]}}