{"id":1438,"date":"2018-09-03T23:54:00","date_gmt":"2018-09-03T21:54:00","guid":{"rendered":"http:\/\/xport.local\/unser-essen\/"},"modified":"2018-09-04T00:01:55","modified_gmt":"2018-09-03T22:01:55","slug":"unser-essen","status":"publish","type":"page","link":"https:\/\/x-portpizzeria.ch\/de\/unser-essen\/","title":{"rendered":"Unser Essen"},"content":{"rendered":"<h1>\n\t\t\t\tFRISCH ZUBEREITET &#8230; TAGLICH!<br \/>\n\t\t\t<\/h1>\n<p>\t\t\t\t<img decoding=\"async\" src=\"http:\/\/x-portpizzeria.ch\/wp-content\/uploads\/2018\/09\/homeHealthyImage.png\" alt=\"homeHealthyImage\" itemprop=\"image\"  \/><\/p>\n<p>Wir arbeiten mit der ROYAL D\u00d6NER AG zusammen, um Ihnen qualitativ hochwertige, frische Lebensmittel zu liefern, die wir t\u00e4glich zubereiten.\u00a0Das ROYAL D\u00d6NER G\u00fctezeichen \u00abHealthy Mediterranean Food\u00bb steht f\u00fcr allgemein anerkannte Vorz\u00fcge traditioneller mediterraner Kost. Etwa mageres Fleisch, das ausserordentlich zahlreiche N\u00e4hrstoffe besitzt im Verh\u00e4ltnis zum Kaloriengehalt. Brot, das aufgrund geringer Grundzutaten leicht und bek\u00f6mmlich ist. Oder frisches mit Oliven\u00f6l angerichtetes Gem\u00fcse.<\/p>\n<p>\t\t\t\t<img decoding=\"async\" src=\"http:\/\/x-portpizzeria.ch\/wp-content\/uploads\/2018\/09\/Kebab-Grill-Rotating-meat-schweiz.jpg\" alt=\"Kebab-Grill-Rotating-meat-schweiz\" itemprop=\"image\"  \/><br \/>\n\t\t\t\t<img decoding=\"async\" src=\"http:\/\/x-portpizzeria.ch\/wp-content\/uploads\/2018\/09\/X-Port-Pizzeria-Interlaken-Switzerland-Location-Food-Source.png\" alt=\"X-Port-Pizzeria-Interlaken-Switzerland-Location-Food-Source\" itemprop=\"image\"\/><\/p>\n<h3>Fleisch aus der Region<\/h3>\n<p>Alle unsere Fleischprodukte (Kalb, Rind, Lamm, Huhn, Schwein) kommen aus der Schweiz.<\/p>\n<p><em> Ausnahmen: Einige unserer H\u00fchner kommen auch aus Brasilien.<\/em><\/p>\n<p>Das Kebabfleisch ist gemischtes Fleisch und besteht aus den folgenden Fleischprodukten: Kalbfleisch, Rindfleisch, Lamm und H\u00fchnchen<\/p>\n<p>Unsere Fleischprodukte sind HALAL.<\/p>\n<p>\t\t\t\t<img decoding=\"async\" src=\"http:\/\/x-portpizzeria.ch\/wp-content\/uploads\/2018\/09\/royal-doner-logo.png\" alt=\"royal-doner-logo\" itemprop=\"image\"  \/><\/p>\n<p>Die Royal D\u00f6ner AG, mit dem Hauptsitz in Winterthur liefert frische, hochwertige Produkte rund um die mediterrane K\u00fcche, wie D\u00f6ner Kebab, Fleischspezialit\u00e4ten, Brote, Falafel &#038; Co. an gastronomische Kunden in die gesamte Schweiz.<\/p>\n","protected":false},"excerpt":{"rendered":"<p>FRISCH ZUBEREITET &#8230; TAGLICH! Wir arbeiten mit der ROYAL D\u00d6NER AG zusammen, um Ihnen qualitativ hochwertige, frische Lebensmittel zu liefern, die wir t\u00e4glich zubereiten.\u00a0Das ROYAL D\u00d6NER G\u00fctezeichen \u00abHealthy Mediterranean Food\u00bb steht f\u00fcr allgemein anerkannte Vorz\u00fcge traditioneller mediterraner Kost. Etwa mageres Fleisch, das ausserordentlich zahlreiche N\u00e4hrstoffe besitzt im Verh\u00e4ltnis zum Kaloriengehalt. Brot, das aufgrund geringer Grundzutaten&hellip;<\/p>\n","protected":false},"author":1,"featured_media":0,"parent":0,"menu_order":0,"comment_status":"closed","ping_status":"closed","template":"","meta":{"footnotes":""},"class_list":["post-1438","page","type-page","status-publish","hentry"],"yoast_head":"<!-- This site is optimized with the Yoast SEO plugin v27.4 - https:\/\/yoast.com\/product\/yoast-seo-wordpress\/ -->\n<title>Unser Essen - X-Port Pizzeria<\/title>\n<meta name=\"robots\" content=\"index, follow, max-snippet:-1, max-image-preview:large, max-video-preview:-1\" \/>\n<link rel=\"canonical\" href=\"https:\/\/x-portpizzeria.ch\/de\/unser-essen\/\" \/>\n<meta property=\"og:locale\" content=\"de_DE\" \/>\n<meta property=\"og:type\" content=\"article\" \/>\n<meta property=\"og:title\" content=\"Unser Essen - X-Port Pizzeria\" \/>\n<meta property=\"og:description\" content=\"FRISCH ZUBEREITET &#8230; TAGLICH! Wir arbeiten mit der ROYAL D\u00d6NER AG zusammen, um Ihnen qualitativ hochwertige, frische Lebensmittel zu liefern, die wir t\u00e4glich zubereiten.\u00a0Das ROYAL D\u00d6NER G\u00fctezeichen \u00abHealthy Mediterranean Food\u00bb steht f\u00fcr allgemein anerkannte Vorz\u00fcge traditioneller mediterraner Kost. Etwa mageres Fleisch, das ausserordentlich zahlreiche N\u00e4hrstoffe besitzt im Verh\u00e4ltnis zum Kaloriengehalt. Brot, das aufgrund geringer Grundzutaten&hellip;\" \/>\n<meta property=\"og:url\" content=\"https:\/\/x-portpizzeria.ch\/de\/unser-essen\/\" \/>\n<meta property=\"og:site_name\" content=\"X-Port Pizzeria\" \/>\n<meta property=\"article:publisher\" content=\"https:\/\/www.facebook.com\/Pizzeria-x-port-GmbH-260649613984107\/?fref=ts\" \/>\n<meta property=\"article:modified_time\" content=\"2018-09-03T22:01:55+00:00\" \/>\n<meta property=\"og:image\" content=\"http:\/\/x-portpizzeria.ch\/wp-content\/uploads\/2018\/09\/homeHealthyImage.png\" \/>\n<meta name=\"twitter:card\" content=\"summary_large_image\" \/>\n<meta name=\"twitter:label1\" content=\"Est. reading time\" \/>\n\t<meta name=\"twitter:data1\" content=\"1 minute\" \/>\n<script type=\"application\/ld+json\" class=\"yoast-schema-graph\">{\"@context\":\"https:\\\/\\\/schema.org\",\"@graph\":[{\"@type\":\"WebPage\",\"@id\":\"https:\\\/\\\/x-portpizzeria.ch\\\/de\\\/unser-essen\\\/\",\"url\":\"https:\\\/\\\/x-portpizzeria.ch\\\/de\\\/unser-essen\\\/\",\"name\":\"Unser Essen - X-Port Pizzeria\",\"isPartOf\":{\"@id\":\"https:\\\/\\\/x-portpizzeria.ch\\\/#website\"},\"primaryImageOfPage\":{\"@id\":\"https:\\\/\\\/x-portpizzeria.ch\\\/de\\\/unser-essen\\\/#primaryimage\"},\"image\":{\"@id\":\"https:\\\/\\\/x-portpizzeria.ch\\\/de\\\/unser-essen\\\/#primaryimage\"},\"thumbnailUrl\":\"http:\\\/\\\/x-portpizzeria.ch\\\/wp-content\\\/uploads\\\/2018\\\/09\\\/homeHealthyImage.png\",\"datePublished\":\"2018-09-03T21:54:00+00:00\",\"dateModified\":\"2018-09-03T22:01:55+00:00\",\"breadcrumb\":{\"@id\":\"https:\\\/\\\/x-portpizzeria.ch\\\/de\\\/unser-essen\\\/#breadcrumb\"},\"inLanguage\":\"de-DE\",\"potentialAction\":[{\"@type\":\"ReadAction\",\"target\":[\"https:\\\/\\\/x-portpizzeria.ch\\\/de\\\/unser-essen\\\/\"]}]},{\"@type\":\"ImageObject\",\"inLanguage\":\"de-DE\",\"@id\":\"https:\\\/\\\/x-portpizzeria.ch\\\/de\\\/unser-essen\\\/#primaryimage\",\"url\":\"http:\\\/\\\/x-portpizzeria.ch\\\/wp-content\\\/uploads\\\/2018\\\/09\\\/homeHealthyImage.png\",\"contentUrl\":\"http:\\\/\\\/x-portpizzeria.ch\\\/wp-content\\\/uploads\\\/2018\\\/09\\\/homeHealthyImage.png\"},{\"@type\":\"BreadcrumbList\",\"@id\":\"https:\\\/\\\/x-portpizzeria.ch\\\/de\\\/unser-essen\\\/#breadcrumb\",\"itemListElement\":[{\"@type\":\"ListItem\",\"position\":1,\"name\":\"Home\",\"item\":\"https:\\\/\\\/x-portpizzeria.ch\\\/de\\\/\"},{\"@type\":\"ListItem\",\"position\":2,\"name\":\"Unser Essen\"}]},{\"@type\":\"WebSite\",\"@id\":\"https:\\\/\\\/x-portpizzeria.ch\\\/#website\",\"url\":\"https:\\\/\\\/x-portpizzeria.ch\\\/\",\"name\":\"X-Port Pizzeria\",\"description\":\"Der beste Fast Food in der Stadt\",\"publisher\":{\"@id\":\"https:\\\/\\\/x-portpizzeria.ch\\\/#organization\"},\"potentialAction\":[{\"@type\":\"SearchAction\",\"target\":{\"@type\":\"EntryPoint\",\"urlTemplate\":\"https:\\\/\\\/x-portpizzeria.ch\\\/?s={search_term_string}\"},\"query-input\":{\"@type\":\"PropertyValueSpecification\",\"valueRequired\":true,\"valueName\":\"search_term_string\"}}],\"inLanguage\":\"de-DE\"},{\"@type\":\"Organization\",\"@id\":\"https:\\\/\\\/x-portpizzeria.ch\\\/#organization\",\"name\":\"X-Port Pizzeria\",\"url\":\"https:\\\/\\\/x-portpizzeria.ch\\\/\",\"logo\":{\"@type\":\"ImageObject\",\"inLanguage\":\"de-DE\",\"@id\":\"https:\\\/\\\/x-portpizzeria.ch\\\/#\\\/schema\\\/logo\\\/image\\\/\",\"url\":\"http:\\\/\\\/x-portpizzeria.ch\\\/wp-content\\\/uploads\\\/2016\\\/10\\\/x-port-logo-lockup-400.png\",\"contentUrl\":\"http:\\\/\\\/x-portpizzeria.ch\\\/wp-content\\\/uploads\\\/2016\\\/10\\\/x-port-logo-lockup-400.png\",\"width\":400,\"height\":236,\"caption\":\"X-Port Pizzeria\"},\"image\":{\"@id\":\"https:\\\/\\\/x-portpizzeria.ch\\\/#\\\/schema\\\/logo\\\/image\\\/\"},\"sameAs\":[\"https:\\\/\\\/www.facebook.com\\\/Pizzeria-x-port-GmbH-260649613984107\\\/?fref=ts\"]}]}<\/script>\n<!-- \/ Yoast SEO plugin. -->","yoast_head_json":{"title":"Unser Essen - X-Port Pizzeria","robots":{"index":"index","follow":"follow","max-snippet":"max-snippet:-1","max-image-preview":"max-image-preview:large","max-video-preview":"max-video-preview:-1"},"canonical":"https:\/\/x-portpizzeria.ch\/de\/unser-essen\/","og_locale":"de_DE","og_type":"article","og_title":"Unser Essen - X-Port Pizzeria","og_description":"FRISCH ZUBEREITET &#8230; TAGLICH! Wir arbeiten mit der ROYAL D\u00d6NER AG zusammen, um Ihnen qualitativ hochwertige, frische Lebensmittel zu liefern, die wir t\u00e4glich zubereiten.\u00a0Das ROYAL D\u00d6NER G\u00fctezeichen \u00abHealthy Mediterranean Food\u00bb steht f\u00fcr allgemein anerkannte Vorz\u00fcge traditioneller mediterraner Kost. Etwa mageres Fleisch, das ausserordentlich zahlreiche N\u00e4hrstoffe besitzt im Verh\u00e4ltnis zum Kaloriengehalt. Brot, das aufgrund geringer Grundzutaten&hellip;","og_url":"https:\/\/x-portpizzeria.ch\/de\/unser-essen\/","og_site_name":"X-Port Pizzeria","article_publisher":"https:\/\/www.facebook.com\/Pizzeria-x-port-GmbH-260649613984107\/?fref=ts","article_modified_time":"2018-09-03T22:01:55+00:00","og_image":[{"url":"http:\/\/x-portpizzeria.ch\/wp-content\/uploads\/2018\/09\/homeHealthyImage.png","type":"","width":"","height":""}],"twitter_card":"summary_large_image","twitter_misc":{"Est. reading time":"1 minute"},"schema":{"@context":"https:\/\/schema.org","@graph":[{"@type":"WebPage","@id":"https:\/\/x-portpizzeria.ch\/de\/unser-essen\/","url":"https:\/\/x-portpizzeria.ch\/de\/unser-essen\/","name":"Unser Essen - X-Port Pizzeria","isPartOf":{"@id":"https:\/\/x-portpizzeria.ch\/#website"},"primaryImageOfPage":{"@id":"https:\/\/x-portpizzeria.ch\/de\/unser-essen\/#primaryimage"},"image":{"@id":"https:\/\/x-portpizzeria.ch\/de\/unser-essen\/#primaryimage"},"thumbnailUrl":"http:\/\/x-portpizzeria.ch\/wp-content\/uploads\/2018\/09\/homeHealthyImage.png","datePublished":"2018-09-03T21:54:00+00:00","dateModified":"2018-09-03T22:01:55+00:00","breadcrumb":{"@id":"https:\/\/x-portpizzeria.ch\/de\/unser-essen\/#breadcrumb"},"inLanguage":"de-DE","potentialAction":[{"@type":"ReadAction","target":["https:\/\/x-portpizzeria.ch\/de\/unser-essen\/"]}]},{"@type":"ImageObject","inLanguage":"de-DE","@id":"https:\/\/x-portpizzeria.ch\/de\/unser-essen\/#primaryimage","url":"http:\/\/x-portpizzeria.ch\/wp-content\/uploads\/2018\/09\/homeHealthyImage.png","contentUrl":"http:\/\/x-portpizzeria.ch\/wp-content\/uploads\/2018\/09\/homeHealthyImage.png"},{"@type":"BreadcrumbList","@id":"https:\/\/x-portpizzeria.ch\/de\/unser-essen\/#breadcrumb","itemListElement":[{"@type":"ListItem","position":1,"name":"Home","item":"https:\/\/x-portpizzeria.ch\/de\/"},{"@type":"ListItem","position":2,"name":"Unser Essen"}]},{"@type":"WebSite","@id":"https:\/\/x-portpizzeria.ch\/#website","url":"https:\/\/x-portpizzeria.ch\/","name":"X-Port Pizzeria","description":"Der beste Fast Food in der Stadt","publisher":{"@id":"https:\/\/x-portpizzeria.ch\/#organization"},"potentialAction":[{"@type":"SearchAction","target":{"@type":"EntryPoint","urlTemplate":"https:\/\/x-portpizzeria.ch\/?s={search_term_string}"},"query-input":{"@type":"PropertyValueSpecification","valueRequired":true,"valueName":"search_term_string"}}],"inLanguage":"de-DE"},{"@type":"Organization","@id":"https:\/\/x-portpizzeria.ch\/#organization","name":"X-Port Pizzeria","url":"https:\/\/x-portpizzeria.ch\/","logo":{"@type":"ImageObject","inLanguage":"de-DE","@id":"https:\/\/x-portpizzeria.ch\/#\/schema\/logo\/image\/","url":"http:\/\/x-portpizzeria.ch\/wp-content\/uploads\/2016\/10\/x-port-logo-lockup-400.png","contentUrl":"http:\/\/x-portpizzeria.ch\/wp-content\/uploads\/2016\/10\/x-port-logo-lockup-400.png","width":400,"height":236,"caption":"X-Port Pizzeria"},"image":{"@id":"https:\/\/x-portpizzeria.ch\/#\/schema\/logo\/image\/"},"sameAs":["https:\/\/www.facebook.com\/Pizzeria-x-port-GmbH-260649613984107\/?fref=ts"]}]}},"_links":{"self":[{"href":"https:\/\/x-portpizzeria.ch\/de\/wp-json\/wp\/v2\/pages\/1438","targetHints":{"allow":["GET"]}}],"collection":[{"href":"https:\/\/x-portpizzeria.ch\/de\/wp-json\/wp\/v2\/pages"}],"about":[{"href":"https:\/\/x-portpizzeria.ch\/de\/wp-json\/wp\/v2\/types\/page"}],"author":[{"embeddable":true,"href":"https:\/\/x-portpizzeria.ch\/de\/wp-json\/wp\/v2\/users\/1"}],"replies":[{"embeddable":true,"href":"https:\/\/x-portpizzeria.ch\/de\/wp-json\/wp\/v2\/comments?post=1438"}],"version-history":[{"count":1,"href":"https:\/\/x-portpizzeria.ch\/de\/wp-json\/wp\/v2\/pages\/1438\/revisions"}],"predecessor-version":[{"id":1441,"href":"https:\/\/x-portpizzeria.ch\/de\/wp-json\/wp\/v2\/pages\/1438\/revisions\/1441"}],"wp:attachment":[{"href":"https:\/\/x-portpizzeria.ch\/de\/wp-json\/wp\/v2\/media?parent=1438"}],"curies":[{"name":"wp","href":"https:\/\/api.w.org\/{rel}","templated":true}]}}