{"id":442,"date":"2016-09-24T15:49:49","date_gmt":"2016-09-24T13:49:49","guid":{"rendered":"http:\/\/x-portpizzeria.ch\/?page_id=442"},"modified":"2018-08-25T21:57:29","modified_gmt":"2018-08-25T20:57:29","slug":"shisha-rauchen","status":"publish","type":"page","link":"https:\/\/x-portpizzeria.ch\/de\/shisha-rauchen\/","title":{"rendered":"Shisha Rauchen"},"content":{"rendered":"<p>\t\t\t\t<img decoding=\"async\" src=\"http:\/\/x-portpizzeria.ch\/wp-content\/uploads\/2016\/09\/Shisha_Bar_Hookah_Smoking_Interlaken_Matten_Switzerland.jpg\" alt=\"Shisha smoking lounge bar in interlaken matten unterseen switzerland\" itemprop=\"image\"  \/><br \/>\nDiverse aromen erh\u00e4ltlich<br \/>\nVarious flavours available<\/p>\n<h2>20 chf<\/h2>\n<p>\t\t\t\t<img decoding=\"async\" src=\"http:\/\/x-portpizzeria.ch\/wp-content\/uploads\/2016\/09\/apple_hookah_shisha_interlaken.png\" alt=\"interlaken matten shisha hookah lounge bar apple flavor\" itemprop=\"image\"\/><\/p>\n<p>Apfel<br \/>Apple<\/p>\n<p>\t\t\t\t<img decoding=\"async\" src=\"http:\/\/x-portpizzeria.ch\/wp-content\/uploads\/2016\/09\/Melon_hookah_shisha_interlaken.png\" alt=\"Is there a hookah shisha lounge bar in interlaken, matten\" itemprop=\"image\"\/><\/p>\n<p>Melone<br \/>\nMelon<\/p>\n<p>\t\t\t\t<img decoding=\"async\" src=\"http:\/\/x-portpizzeria.ch\/wp-content\/uploads\/2016\/09\/cherry_hookah_shisha_interlaken.png\" alt=\"Hookah Shisha Lounge Bar interlaken\" itemprop=\"image\"\/><\/p>\n<p>Kirsche<br \/>Cherry<\/p>\n<p>\t\t\t\t<img decoding=\"async\" src=\"http:\/\/x-portpizzeria.ch\/wp-content\/uploads\/2016\/09\/strawberry_hookah_shisha_interlaken.png\" alt=\"Shisha lounge bar in interlaken matten\" itemprop=\"image\"\/><\/p>\n<p>Erdbeer<br \/>Strawberry<\/p>\n<p>\t\t\t\t<img decoding=\"async\" src=\"http:\/\/x-portpizzeria.ch\/wp-content\/uploads\/2016\/09\/grape_hookah_shisha_interlaken.png\" alt=\"Is there a smoke bar in interlaken matten\" itemprop=\"image\"\/><\/p>\n<p>Trauben<br \/>\nGrapes<\/p>\n<p>\t\t\t\t<img decoding=\"async\" src=\"http:\/\/x-portpizzeria.ch\/wp-content\/uploads\/2016\/09\/orange_hookah_shisha_interlaken.png\" alt=\"Where is there a shisha lounge bar switzerland, interlaken\" itemprop=\"image\"\/><\/p>\n<p>Orange<br \/>\nOrange<\/p>\n<h3>Shisha rauchen f\u00fcr Einsteiger<\/h3>\n<p>Orientalische Wasserpfeifen \u2013 auch Shisha genannt werden immer beliebter. Zum einem ist das gem\u00fctliche Sitzen in entspannten Runden wesentlich angenehmer als der hektische Zug an einer Zigarette, zum anderen wirken die vielen unterschiedlich aromatisierten Shish taback Sorten auf viele Raucher enorm anziehend. Allerdings stellt der korrekte Aufbau und die richtige Nutzung einer Shisha viele Einsteiger vor Probleme. Hier eine kleine Anleitung.<\/p>\n<h4>Equipment und Aufbau einer Shisha<\/h4>\n<p>Eine Shisha besteht aus mehreren Einzelteilen. Die wichtigsten sind: Das Shishaglas, die Rauchs\u00e4ule (Nargile), ein Schlauch f\u00fcr die Wasserpfeife, die richtigen Dichtungen, eine Kohlenzange, Sishakohle, ein Sieb und nat\u00fcrlich der Sishatabak.<\/p>\n<p>Der Aufbau einer Shisha ist eigentlich sehr einfach. Zun\u00e4chst wird die Rauchs\u00e4ule so auf das (mit Wasser gef\u00fcllte) Glas gesetzt, das die Gummidichtung gut abschlie\u00dft. Dann kann auf die Rauchs\u00e4ule der Teller gesetzt werden. Der Teller ist vor allem praktisch, wenn es darum geht Asche daran zu hindern den Teppich zu versauen. Anschlie\u00dfend wird die Dichtung des Shisha Kopf auf die Rauchs\u00e4ule gesteckt und der Tonkopf einfach dar\u00fcber gest\u00fclpt.<\/p>\n<p>Abschlie\u00dfend mu\u00df nur noch darauf geachtet werden, da\u00df auch der Schlauch gut in der Dichtung sitzt, so da\u00df die volle Zugleistung entstehen kann. Damit w\u00e4re der Auffbau einer Shisha auch schon abgeschlossen. Manchmal besitzt eine Shisha auch mehrere Schlauch\u00f6ffnungen. \u00dcberfl\u00fcssige sollten mit Hilfe von Papier und Klebeband abgedichtet werden.<\/p>\n<h4>Shisha mit Tabak bef\u00fcllen<\/h4>\n<p>Zum Rauchen einer Shisha ben\u00f6tigt man nat\u00fcrlich auf alle F\u00e4lle den entsprechenden Tabak. Leider erh\u00e4lt man den guten (vor allem feuchten) Shishatabak den man aus dem Urlaub kennt in der schweiz nur schwer und gar nicht, da die Inhaltsstoffe leider nicht immer deutschen Recht entsprechen. Wem der hie\u00dfige Tabak zu trocken ist, kann mit etwas Glycerin nachhelfen. Der Tabak wird gleichm\u00e4\u00dfig im Tonkopf verteilt, nicht zu fest und nicht zu locker. Anschlie\u00dfend wird der Kohlesieb einfach dar\u00fcber gelegt. Viele Siebe verf\u00fcgen \u00fcber Zacken mit den der Sieb sicher am Tabakkopf befestigt werden kann.<\/p>\n<h4>Z\u00fcnden einer Shisha<\/h4>\n<p>Nun zum heikelsten Teil des Vorgangs, dem Anz\u00fcnden. Hierf\u00fcr ben\u00f6tigt man Shisha Kohle, die man am einfachsten mit Hilfe der Kohlenzange entz\u00fcndet. Man sollte auf alle F\u00e4lle darauf achten, da\u00df die Kohle von allen Seiten gleichm\u00e4\u00dfig z\u00fcndet, da eine nur Teilweise entz\u00fcndete Kohle auch den Tabak nur teilweise erreicht. Die Kohle wird dann auf den Sieb gelegt. Hier passiert auch einer der h\u00e4ufigsten Fehler, indem die Kohle UNTER dem Tabak plaziert wird. Wer unbedingt Kohle rauchen will, soll so verfahren, allerdings sollte man sich vor Augen halten, da\u00df man durchs Ziehen am Schlauch, die Glut quasi in den Tabak hineinzieht. So soll es sein, und nicht umgekehrt.<\/p>\n<h4>Und nun die Shisha rauchen<\/h4>\n<p>Eine Anleitung zum Rauchen selbst kann man eigentlich gar nicht geben. Hier steht der pers\u00f6nliche Stil (Tempo) und etwas Erfahrung im Vordergrund. Man sollte tunlichst darauf verzichten die ersten 1-3 Z\u00fcge zu tief einzuatmen, da der Tabak noch nicht gl\u00fcht, die Kohle aber schon. Der Geschmack ist gelinde gesagt einfach widerlich.<\/p>\n<p>Eine Shisha wird auch nicht im Akkord geraucht, sondern mit Stil und Ruhe. Ein t\u00fcrkischer oder arabischer Freund meinte mal: \u201cEin Zug pro Kaffee, da\u00df gen\u00fcgt\u201d. W\u00e4hrend des Rauchens, sollten bereits vergl\u00fchte Teile der Kohle mit Hilfe der Zange immer wieder mal abgeklopft werden und (seltener) der Tabak etwas durchmischt werden (daf\u00fcr verzichtet man aber besser darauf den Sieb am Kopf festzuklemmen) um den Zug und den Geschmack zu verbessern.<\/p>\n","protected":false},"excerpt":{"rendered":"<p>Diverse aromen erh\u00e4ltlich Various flavours available 20 chf ApfelApple Melone Melon KirscheCherry ErdbeerStrawberry Trauben Grapes Orange Orange Shisha rauchen f\u00fcr Einsteiger Orientalische Wasserpfeifen \u2013 auch Shisha genannt werden immer beliebter. Zum einem ist das gem\u00fctliche Sitzen in entspannten Runden wesentlich angenehmer als der hektische Zug an einer Zigarette, zum anderen wirken die vielen unterschiedlich aromatisierten&hellip;<\/p>\n","protected":false},"author":1,"featured_media":444,"parent":0,"menu_order":0,"comment_status":"closed","ping_status":"closed","template":"","meta":{"footnotes":""},"class_list":["post-442","page","type-page","status-publish","has-post-thumbnail","hentry"],"yoast_head":"<!-- This site is optimized with the Yoast SEO plugin v27.4 - https:\/\/yoast.com\/product\/yoast-seo-wordpress\/ -->\n<title>Shisha Rauchen - X-Port Pizzeria<\/title>\n<meta name=\"robots\" content=\"index, follow, max-snippet:-1, max-image-preview:large, max-video-preview:-1\" \/>\n<link rel=\"canonical\" href=\"https:\/\/x-portpizzeria.ch\/de\/shisha-rauchen\/\" \/>\n<meta property=\"og:locale\" content=\"de_DE\" \/>\n<meta property=\"og:type\" content=\"article\" \/>\n<meta property=\"og:title\" content=\"Shisha Rauchen - X-Port Pizzeria\" \/>\n<meta property=\"og:description\" content=\"Diverse aromen erh\u00e4ltlich Various flavours available 20 chf ApfelApple Melone Melon KirscheCherry ErdbeerStrawberry Trauben Grapes Orange Orange Shisha rauchen f\u00fcr Einsteiger Orientalische Wasserpfeifen \u2013 auch Shisha genannt werden immer beliebter. Zum einem ist das gem\u00fctliche Sitzen in entspannten Runden wesentlich angenehmer als der hektische Zug an einer Zigarette, zum anderen wirken die vielen unterschiedlich aromatisierten&hellip;\" \/>\n<meta property=\"og:url\" content=\"https:\/\/x-portpizzeria.ch\/de\/shisha-rauchen\/\" \/>\n<meta property=\"og:site_name\" content=\"X-Port Pizzeria\" \/>\n<meta property=\"article:publisher\" content=\"https:\/\/www.facebook.com\/Pizzeria-x-port-GmbH-260649613984107\/?fref=ts\" \/>\n<meta property=\"article:modified_time\" content=\"2018-08-25T20:57:29+00:00\" \/>\n<meta property=\"og:image\" content=\"https:\/\/x-portpizzeria.ch\/wp-content\/uploads\/2016\/09\/Shisha_Bar_Hookah_Smoking_Interlaken_Matten_Switzerland.jpg\" \/>\n\t<meta property=\"og:image:width\" content=\"345\" \/>\n\t<meta property=\"og:image:height\" content=\"294\" \/>\n\t<meta property=\"og:image:type\" content=\"image\/jpeg\" \/>\n<meta name=\"twitter:card\" content=\"summary_large_image\" \/>\n<meta name=\"twitter:label1\" content=\"Est. reading time\" \/>\n\t<meta name=\"twitter:data1\" content=\"3 minutes\" \/>\n<script type=\"application\/ld+json\" class=\"yoast-schema-graph\">{\"@context\":\"https:\\\/\\\/schema.org\",\"@graph\":[{\"@type\":\"WebPage\",\"@id\":\"https:\\\/\\\/x-portpizzeria.ch\\\/de\\\/shisha-rauchen\\\/\",\"url\":\"https:\\\/\\\/x-portpizzeria.ch\\\/de\\\/shisha-rauchen\\\/\",\"name\":\"Shisha Rauchen - X-Port Pizzeria\",\"isPartOf\":{\"@id\":\"https:\\\/\\\/x-portpizzeria.ch\\\/#website\"},\"primaryImageOfPage\":{\"@id\":\"https:\\\/\\\/x-portpizzeria.ch\\\/de\\\/shisha-rauchen\\\/#primaryimage\"},\"image\":{\"@id\":\"https:\\\/\\\/x-portpizzeria.ch\\\/de\\\/shisha-rauchen\\\/#primaryimage\"},\"thumbnailUrl\":\"https:\\\/\\\/x-portpizzeria.ch\\\/wp-content\\\/uploads\\\/2016\\\/09\\\/Shisha_Bar_Hookah_Smoking_Interlaken_Matten_Switzerland.jpg\",\"datePublished\":\"2016-09-24T13:49:49+00:00\",\"dateModified\":\"2018-08-25T20:57:29+00:00\",\"breadcrumb\":{\"@id\":\"https:\\\/\\\/x-portpizzeria.ch\\\/de\\\/shisha-rauchen\\\/#breadcrumb\"},\"inLanguage\":\"de-DE\",\"potentialAction\":[{\"@type\":\"ReadAction\",\"target\":[\"https:\\\/\\\/x-portpizzeria.ch\\\/de\\\/shisha-rauchen\\\/\"]}]},{\"@type\":\"ImageObject\",\"inLanguage\":\"de-DE\",\"@id\":\"https:\\\/\\\/x-portpizzeria.ch\\\/de\\\/shisha-rauchen\\\/#primaryimage\",\"url\":\"https:\\\/\\\/x-portpizzeria.ch\\\/wp-content\\\/uploads\\\/2016\\\/09\\\/Shisha_Bar_Hookah_Smoking_Interlaken_Matten_Switzerland.jpg\",\"contentUrl\":\"https:\\\/\\\/x-portpizzeria.ch\\\/wp-content\\\/uploads\\\/2016\\\/09\\\/Shisha_Bar_Hookah_Smoking_Interlaken_Matten_Switzerland.jpg\",\"width\":345,\"height\":294,\"caption\":\"Hookah Lounge Bar Interlaken\"},{\"@type\":\"BreadcrumbList\",\"@id\":\"https:\\\/\\\/x-portpizzeria.ch\\\/de\\\/shisha-rauchen\\\/#breadcrumb\",\"itemListElement\":[{\"@type\":\"ListItem\",\"position\":1,\"name\":\"Home\",\"item\":\"https:\\\/\\\/x-portpizzeria.ch\\\/de\\\/\"},{\"@type\":\"ListItem\",\"position\":2,\"name\":\"Shisha Rauchen\"}]},{\"@type\":\"WebSite\",\"@id\":\"https:\\\/\\\/x-portpizzeria.ch\\\/#website\",\"url\":\"https:\\\/\\\/x-portpizzeria.ch\\\/\",\"name\":\"X-Port Pizzeria\",\"description\":\"Der beste Fast Food in der Stadt\",\"publisher\":{\"@id\":\"https:\\\/\\\/x-portpizzeria.ch\\\/#organization\"},\"potentialAction\":[{\"@type\":\"SearchAction\",\"target\":{\"@type\":\"EntryPoint\",\"urlTemplate\":\"https:\\\/\\\/x-portpizzeria.ch\\\/?s={search_term_string}\"},\"query-input\":{\"@type\":\"PropertyValueSpecification\",\"valueRequired\":true,\"valueName\":\"search_term_string\"}}],\"inLanguage\":\"de-DE\"},{\"@type\":\"Organization\",\"@id\":\"https:\\\/\\\/x-portpizzeria.ch\\\/#organization\",\"name\":\"X-Port Pizzeria\",\"url\":\"https:\\\/\\\/x-portpizzeria.ch\\\/\",\"logo\":{\"@type\":\"ImageObject\",\"inLanguage\":\"de-DE\",\"@id\":\"https:\\\/\\\/x-portpizzeria.ch\\\/#\\\/schema\\\/logo\\\/image\\\/\",\"url\":\"http:\\\/\\\/x-portpizzeria.ch\\\/wp-content\\\/uploads\\\/2016\\\/10\\\/x-port-logo-lockup-400.png\",\"contentUrl\":\"http:\\\/\\\/x-portpizzeria.ch\\\/wp-content\\\/uploads\\\/2016\\\/10\\\/x-port-logo-lockup-400.png\",\"width\":400,\"height\":236,\"caption\":\"X-Port Pizzeria\"},\"image\":{\"@id\":\"https:\\\/\\\/x-portpizzeria.ch\\\/#\\\/schema\\\/logo\\\/image\\\/\"},\"sameAs\":[\"https:\\\/\\\/www.facebook.com\\\/Pizzeria-x-port-GmbH-260649613984107\\\/?fref=ts\"]}]}<\/script>\n<!-- \/ Yoast SEO plugin. -->","yoast_head_json":{"title":"Shisha Rauchen - X-Port Pizzeria","robots":{"index":"index","follow":"follow","max-snippet":"max-snippet:-1","max-image-preview":"max-image-preview:large","max-video-preview":"max-video-preview:-1"},"canonical":"https:\/\/x-portpizzeria.ch\/de\/shisha-rauchen\/","og_locale":"de_DE","og_type":"article","og_title":"Shisha Rauchen - X-Port Pizzeria","og_description":"Diverse aromen erh\u00e4ltlich Various flavours available 20 chf ApfelApple Melone Melon KirscheCherry ErdbeerStrawberry Trauben Grapes Orange Orange Shisha rauchen f\u00fcr Einsteiger Orientalische Wasserpfeifen \u2013 auch Shisha genannt werden immer beliebter. Zum einem ist das gem\u00fctliche Sitzen in entspannten Runden wesentlich angenehmer als der hektische Zug an einer Zigarette, zum anderen wirken die vielen unterschiedlich aromatisierten&hellip;","og_url":"https:\/\/x-portpizzeria.ch\/de\/shisha-rauchen\/","og_site_name":"X-Port Pizzeria","article_publisher":"https:\/\/www.facebook.com\/Pizzeria-x-port-GmbH-260649613984107\/?fref=ts","article_modified_time":"2018-08-25T20:57:29+00:00","og_image":[{"width":345,"height":294,"url":"https:\/\/x-portpizzeria.ch\/wp-content\/uploads\/2016\/09\/Shisha_Bar_Hookah_Smoking_Interlaken_Matten_Switzerland.jpg","type":"image\/jpeg"}],"twitter_card":"summary_large_image","twitter_misc":{"Est. reading time":"3 minutes"},"schema":{"@context":"https:\/\/schema.org","@graph":[{"@type":"WebPage","@id":"https:\/\/x-portpizzeria.ch\/de\/shisha-rauchen\/","url":"https:\/\/x-portpizzeria.ch\/de\/shisha-rauchen\/","name":"Shisha Rauchen - X-Port Pizzeria","isPartOf":{"@id":"https:\/\/x-portpizzeria.ch\/#website"},"primaryImageOfPage":{"@id":"https:\/\/x-portpizzeria.ch\/de\/shisha-rauchen\/#primaryimage"},"image":{"@id":"https:\/\/x-portpizzeria.ch\/de\/shisha-rauchen\/#primaryimage"},"thumbnailUrl":"https:\/\/x-portpizzeria.ch\/wp-content\/uploads\/2016\/09\/Shisha_Bar_Hookah_Smoking_Interlaken_Matten_Switzerland.jpg","datePublished":"2016-09-24T13:49:49+00:00","dateModified":"2018-08-25T20:57:29+00:00","breadcrumb":{"@id":"https:\/\/x-portpizzeria.ch\/de\/shisha-rauchen\/#breadcrumb"},"inLanguage":"de-DE","potentialAction":[{"@type":"ReadAction","target":["https:\/\/x-portpizzeria.ch\/de\/shisha-rauchen\/"]}]},{"@type":"ImageObject","inLanguage":"de-DE","@id":"https:\/\/x-portpizzeria.ch\/de\/shisha-rauchen\/#primaryimage","url":"https:\/\/x-portpizzeria.ch\/wp-content\/uploads\/2016\/09\/Shisha_Bar_Hookah_Smoking_Interlaken_Matten_Switzerland.jpg","contentUrl":"https:\/\/x-portpizzeria.ch\/wp-content\/uploads\/2016\/09\/Shisha_Bar_Hookah_Smoking_Interlaken_Matten_Switzerland.jpg","width":345,"height":294,"caption":"Hookah Lounge Bar Interlaken"},{"@type":"BreadcrumbList","@id":"https:\/\/x-portpizzeria.ch\/de\/shisha-rauchen\/#breadcrumb","itemListElement":[{"@type":"ListItem","position":1,"name":"Home","item":"https:\/\/x-portpizzeria.ch\/de\/"},{"@type":"ListItem","position":2,"name":"Shisha Rauchen"}]},{"@type":"WebSite","@id":"https:\/\/x-portpizzeria.ch\/#website","url":"https:\/\/x-portpizzeria.ch\/","name":"X-Port Pizzeria","description":"Der beste Fast Food in der Stadt","publisher":{"@id":"https:\/\/x-portpizzeria.ch\/#organization"},"potentialAction":[{"@type":"SearchAction","target":{"@type":"EntryPoint","urlTemplate":"https:\/\/x-portpizzeria.ch\/?s={search_term_string}"},"query-input":{"@type":"PropertyValueSpecification","valueRequired":true,"valueName":"search_term_string"}}],"inLanguage":"de-DE"},{"@type":"Organization","@id":"https:\/\/x-portpizzeria.ch\/#organization","name":"X-Port Pizzeria","url":"https:\/\/x-portpizzeria.ch\/","logo":{"@type":"ImageObject","inLanguage":"de-DE","@id":"https:\/\/x-portpizzeria.ch\/#\/schema\/logo\/image\/","url":"http:\/\/x-portpizzeria.ch\/wp-content\/uploads\/2016\/10\/x-port-logo-lockup-400.png","contentUrl":"http:\/\/x-portpizzeria.ch\/wp-content\/uploads\/2016\/10\/x-port-logo-lockup-400.png","width":400,"height":236,"caption":"X-Port Pizzeria"},"image":{"@id":"https:\/\/x-portpizzeria.ch\/#\/schema\/logo\/image\/"},"sameAs":["https:\/\/www.facebook.com\/Pizzeria-x-port-GmbH-260649613984107\/?fref=ts"]}]}},"_links":{"self":[{"href":"https:\/\/x-portpizzeria.ch\/de\/wp-json\/wp\/v2\/pages\/442","targetHints":{"allow":["GET"]}}],"collection":[{"href":"https:\/\/x-portpizzeria.ch\/de\/wp-json\/wp\/v2\/pages"}],"about":[{"href":"https:\/\/x-portpizzeria.ch\/de\/wp-json\/wp\/v2\/types\/page"}],"author":[{"embeddable":true,"href":"https:\/\/x-portpizzeria.ch\/de\/wp-json\/wp\/v2\/users\/1"}],"replies":[{"embeddable":true,"href":"https:\/\/x-portpizzeria.ch\/de\/wp-json\/wp\/v2\/comments?post=442"}],"version-history":[{"count":14,"href":"https:\/\/x-portpizzeria.ch\/de\/wp-json\/wp\/v2\/pages\/442\/revisions"}],"predecessor-version":[{"id":1211,"href":"https:\/\/x-portpizzeria.ch\/de\/wp-json\/wp\/v2\/pages\/442\/revisions\/1211"}],"wp:featuredmedia":[{"embeddable":true,"href":"https:\/\/x-portpizzeria.ch\/de\/wp-json\/wp\/v2\/media\/444"}],"wp:attachment":[{"href":"https:\/\/x-portpizzeria.ch\/de\/wp-json\/wp\/v2\/media?parent=442"}],"curies":[{"name":"wp","href":"https:\/\/api.w.org\/{rel}","templated":true}]}}